{"id":25,"date":"2012-03-02T11:19:03","date_gmt":"2012-03-02T11:19:03","guid":{"rendered":"http:\/\/ardanaz.concejos.animsa.es\/?page_id=25"},"modified":"2021-08-19T09:50:37","modified_gmt":"2021-08-19T07:50:37","slug":"area-privada","status":"publish","type":"page","link":"http:\/\/www.aribe.es\/eu\/area-privada\/","title":{"rendered":"BISITA GAITZAZU"},"content":{"rendered":"<p><\/p>\n<h1>Txikirrin I Landa Etxea<\/h1>\n<p><strong>Helbidea: <\/strong>Santa Mar\u00eda Kalea<\/p>\n<p><strong>Telefonoa:<\/strong> 948 764074<\/p>\n<p><strong> Faxa:<\/strong> 948 764064<\/p>\n<h1>Aribe Hotela<\/h1>\n<p><strong>Helbidea:<\/strong> Santa Mar\u00eda Kalea<\/p>\n<p><strong>Telefonoa<\/strong>: 948 764465 \/ 948 764466<\/p>","protected":false},"excerpt":{"rendered":"<p>Txikirrin I Landa Etxea Helbidea: Santa Mar\u00eda Kalea Telefonoa: 948 764074 Faxa: 948 764064 Aribe Hotela Helbidea: Santa Mar\u00eda Kalea Telefonoa: 948 764465 \/ 948 764466<\/p>\n","protected":false},"author":2,"featured_media":0,"parent":0,"menu_order":8,"comment_status":"closed","ping_status":"closed","template":"","meta":{"_monsterinsights_skip_tracking":false,"_monsterinsights_sitenote_active":false,"_monsterinsights_sitenote_note":"","_monsterinsights_sitenote_category":0,"footnotes":""},"class_list":["post-25","page","type-page","status-publish","hentry"],"yoast_head":"<!-- This site is optimized with the Yoast SEO plugin v26.8 - https:\/\/yoast.com\/product\/yoast-seo-wordpress\/ -->\r\n<title>BISITA GAITZAZU - Aribeko Udala<\/title>\r\n<meta name=\"robots\" content=\"index, follow, max-snippet:-1, max-image-preview:large, max-video-preview:-1\" \/>\r\n<link rel=\"canonical\" href=\"http:\/\/www.aribe.es\/area-privada\/\" \/>\r\n<meta property=\"og:locale\" content=\"eu_ES\" \/>\r\n<meta property=\"og:type\" content=\"article\" \/>\r\n<meta property=\"og:title\" content=\"[:es]VIS\u00cdTANOS[:eu]BISITA GAITZAZU[:] - Aribeko Udala\" \/>\r\n<meta property=\"og:description\" content=\"Txikirrin I Landa Etxea Helbidea: Santa Mar\u00eda Kalea Telefonoa: 948 764074 Faxa: 948 764064 Aribe Hotela Helbidea: Santa Mar\u00eda Kalea Telefonoa: 948 764465 \/ 948 764466\" \/>\r\n<meta property=\"og:url\" content=\"http:\/\/www.aribe.es\/area-privada\/\" \/>\r\n<meta property=\"og:site_name\" content=\"Aribeko Udala\" \/>\r\n<meta property=\"article:modified_time\" content=\"2021-08-19T07:50:37+00:00\" \/>\r\n<meta name=\"twitter:card\" content=\"summary_large_image\" \/>\r\n<script type=\"application\/ld+json\" class=\"yoast-schema-graph\">{\"@context\":\"https:\/\/schema.org\",\"@graph\":[{\"@type\":\"WebPage\",\"@id\":\"http:\/\/www.aribe.es\/area-privada\/\",\"url\":\"http:\/\/www.aribe.es\/area-privada\/\",\"name\":\"[:es]VIS\u00cdTANOS[:eu]BISITA GAITZAZU[:] - Aribeko Udala\",\"isPartOf\":{\"@id\":\"http:\/\/www.aribe.es\/#website\"},\"datePublished\":\"2012-03-02T11:19:03+00:00\",\"dateModified\":\"2021-08-19T07:50:37+00:00\",\"breadcrumb\":{\"@id\":\"http:\/\/www.aribe.es\/area-privada\/#breadcrumb\"},\"inLanguage\":\"eu-ES\",\"potentialAction\":[{\"@type\":\"ReadAction\",\"target\":[\"http:\/\/www.aribe.es\/area-privada\/\"]}]},{\"@type\":\"BreadcrumbList\",\"@id\":\"http:\/\/www.aribe.es\/area-privada\/#breadcrumb\",\"itemListElement\":[{\"@type\":\"ListItem\",\"position\":1,\"name\":\"Portada\",\"item\":\"http:\/\/www.aribe.es\/\"},{\"@type\":\"ListItem\",\"position\":2,\"name\":\"VIS\u00cdTANOS\"}]},{\"@type\":\"WebSite\",\"@id\":\"http:\/\/www.aribe.es\/#website\",\"url\":\"http:\/\/www.aribe.es\/\",\"name\":\"Aribeko Udala\",\"description\":\"Aribeko Udala\",\"potentialAction\":[{\"@type\":\"SearchAction\",\"target\":{\"@type\":\"EntryPoint\",\"urlTemplate\":\"http:\/\/www.aribe.es\/?s={search_term_string}\"},\"query-input\":{\"@type\":\"PropertyValueSpecification\",\"valueRequired\":true,\"valueName\":\"search_term_string\"}}],\"inLanguage\":\"eu-ES\"}]}<\/script>\r\n<!-- \/ Yoast SEO plugin. -->","yoast_head_json":{"title":"[:es]VIS\u00cdTANOS[:eu]BISITA GAITZAZU[:] - Aribeko Udala","robots":{"index":"index","follow":"follow","max-snippet":"max-snippet:-1","max-image-preview":"max-image-preview:large","max-video-preview":"max-video-preview:-1"},"canonical":"http:\/\/www.aribe.es\/area-privada\/","og_locale":"eu_ES","og_type":"article","og_title":"[:es]VIS\u00cdTANOS[:eu]BISITA GAITZAZU[:] - Aribeko Udala","og_description":"Txikirrin I Landa Etxea Helbidea: Santa Mar\u00eda Kalea Telefonoa: 948 764074 Faxa: 948 764064 Aribe Hotela Helbidea: Santa Mar\u00eda Kalea Telefonoa: 948 764465 \/ 948 764466","og_url":"http:\/\/www.aribe.es\/area-privada\/","og_site_name":"Aribeko Udala","article_modified_time":"2021-08-19T07:50:37+00:00","twitter_card":"summary_large_image","schema":{"@context":"https:\/\/schema.org","@graph":[{"@type":"WebPage","@id":"http:\/\/www.aribe.es\/area-privada\/","url":"http:\/\/www.aribe.es\/area-privada\/","name":"[:es]VIS\u00cdTANOS[:eu]BISITA GAITZAZU[:] - Aribeko Udala","isPartOf":{"@id":"http:\/\/www.aribe.es\/#website"},"datePublished":"2012-03-02T11:19:03+00:00","dateModified":"2021-08-19T07:50:37+00:00","breadcrumb":{"@id":"http:\/\/www.aribe.es\/area-privada\/#breadcrumb"},"inLanguage":"eu-ES","potentialAction":[{"@type":"ReadAction","target":["http:\/\/www.aribe.es\/area-privada\/"]}]},{"@type":"BreadcrumbList","@id":"http:\/\/www.aribe.es\/area-privada\/#breadcrumb","itemListElement":[{"@type":"ListItem","position":1,"name":"Portada","item":"http:\/\/www.aribe.es\/"},{"@type":"ListItem","position":2,"name":"VIS\u00cdTANOS"}]},{"@type":"WebSite","@id":"http:\/\/www.aribe.es\/#website","url":"http:\/\/www.aribe.es\/","name":"Aribeko Udala","description":"Aribeko Udala","potentialAction":[{"@type":"SearchAction","target":{"@type":"EntryPoint","urlTemplate":"http:\/\/www.aribe.es\/?s={search_term_string}"},"query-input":{"@type":"PropertyValueSpecification","valueRequired":true,"valueName":"search_term_string"}}],"inLanguage":"eu-ES"}]}},"_links":{"self":[{"href":"http:\/\/www.aribe.es\/eu\/wp-json\/wp\/v2\/pages\/25","targetHints":{"allow":["GET"]}}],"collection":[{"href":"http:\/\/www.aribe.es\/eu\/wp-json\/wp\/v2\/pages"}],"about":[{"href":"http:\/\/www.aribe.es\/eu\/wp-json\/wp\/v2\/types\/page"}],"author":[{"embeddable":true,"href":"http:\/\/www.aribe.es\/eu\/wp-json\/wp\/v2\/users\/2"}],"replies":[{"embeddable":true,"href":"http:\/\/www.aribe.es\/eu\/wp-json\/wp\/v2\/comments?post=25"}],"version-history":[{"count":2,"href":"http:\/\/www.aribe.es\/eu\/wp-json\/wp\/v2\/pages\/25\/revisions"}],"predecessor-version":[{"id":7656,"href":"http:\/\/www.aribe.es\/eu\/wp-json\/wp\/v2\/pages\/25\/revisions\/7656"}],"wp:attachment":[{"href":"http:\/\/www.aribe.es\/eu\/wp-json\/wp\/v2\/media?parent=25"}],"curies":[{"name":"wp","href":"https:\/\/api.w.org\/{rel}","templated":true}]}}