{"id":7899,"date":"2025-11-12T14:02:28","date_gmt":"2025-11-12T13:02:28","guid":{"rendered":"http:\/\/www.aribe.es\/?page_id=7899"},"modified":"2025-11-12T14:15:17","modified_gmt":"2025-11-12T13:15:17","slug":"aviso-de-privacidad","status":"publish","type":"page","link":"http:\/\/www.aribe.es\/eu\/aviso-de-privacidad\/","title":{"rendered":"Pribatutasun-abisua"},"content":{"rendered":"<div class=\"bloque class-col-xs-12\">\n<div id=\"legitimacion\" class=\"contenido-bloque\">\n<div id=\"registro\" class=\"contenido-bloque\">\n<p><strong>Pol\u00edtica de Privacidad (Informaci\u00f3n y Consentimiento<\/strong>)<\/p>\n<p style=\"text-align: justify\">En el Ayuntamiento de Aribe nos preocupamos por la privacidad y la transparencia.<\/p>\n<p style=\"text-align: justify\">A continuaci\u00f3n, le indicamos en detalle los tratamientos de datos personales que realizamos, as\u00ed como toda la informaci\u00f3n relativa a los mismos.<\/p>\n<p style=\"text-align: justify\">A trav\u00e9s del aviso de privacidad informamos a la ciudadan\u00eda, titulares de los datos personales de los aspectos espec\u00edficos relativos al tratamiento sus datos; las finalidades de los tratamientos, los datos de contacto para ejercer los derechos que le asisten, los plazos de conservaci\u00f3n de la informaci\u00f3n, la norma que nos legitima para el tratamiento de los datos y las comunicaciones de datos realizadas, entre otras cosas.<\/p>\n<table width=\"100%\">\n<tbody>\n<tr>\n<td colspan=\"2\"><strong>Informaci\u00f3n b\u00e1sica sobre protecci\u00f3n de datos<\/strong><\/td>\n<\/tr>\n<tr>\n<td><strong>Responsable:<\/strong><\/td>\n<td><strong>\u00a0\u00a0\u00a0\u00a0\u00a0\u00a0\u00a0\u00a0\u00a0\u00a0\u00a0\u00a0 <\/strong><strong>\u00a0\u00a0\u00a0\u00a0\u00a0\u00a0\u00a0\u00a0\u00a0\u00a0\u00a0\u00a0\u00a0 \u00a0AYUNTAMIENTO DE ARIBE<\/strong><\/td>\n<\/tr>\n<tr>\n<td><strong>Finalidad:<\/strong><\/td>\n<td>\n<p style=\"text-align: justify\">Las actividades de tratamiento de datos efectuadas por este ayuntamiento se basar\u00e1n en las finalidades y bases leg\u00edtimas descritas en el Registro de Actividades de Tratamiento. La finalidad de los tratamientos estar\u00e1 basada en la prestaci\u00f3n de servicios al ciudadano y el ejercicio de las competencias propias del Ayuntamiento. Cuando la finalidad del tratamiento requiera el consentimiento del interesado, \u00e9ste se prestar\u00e1 mediante una clara acci\u00f3n afirmativa por parte del mismo en la que se refleje su manifestaci\u00f3n de voluntad libre, espec\u00edfica, informada, e inequ\u00edvoca de aceptar el tratamiento de datos de car\u00e1cter personal que le conciernen.<\/p>\n<\/td>\n<\/tr>\n<tr>\n<td><strong>Legitimaci\u00f3n:<\/strong><\/td>\n<td>\n<ul>\n<li>RGPD \u2013 6.1.e) Misi\u00f3n de inter\u00e9s p\u00fablico o poderes p\u00fablicos<\/li>\n<li>RGPD \u2013 6.1.a) Consentimiento del Interesado<\/li>\n<li>RGPD \u2013 6.1.b) Ejecuci\u00f3n de un contrato<\/li>\n<li>RGPD \u2013 6.1. f) el tratamiento es necesario para la satisfacci\u00f3n de intereses leg\u00edtimos<\/li>\n<\/ul>\n<\/td>\n<\/tr>\n<tr>\n<td><strong>Destinatarios<\/strong>:<\/td>\n<td>\n<p style=\"text-align: justify\">Con car\u00e1cter general no se comunicar\u00e1n los datos personales a terceros, salvo obligaci\u00f3n legal. No obstante, dichas cesiones o comunicaciones de datos se informar\u00e1n al interesado a trav\u00e9s de las cl\u00e1usulas de informaci\u00f3n contenidas en los diferentes mecanismos de recogida de datos personales. La ciudadan\u00eda podr\u00e1 consultar esta informaci\u00f3n en el Registro de Actividades de Tratamiento de este Ayuntamiento.<\/p>\n<\/td>\n<\/tr>\n<tr>\n<td><strong>Derechos:<\/strong><\/td>\n<td style=\"text-align: justify\">Tiene derecho a acceder, rectificar y suprimir los datos, as\u00ed como otros derechos, indicados en la informaci\u00f3n adicional, que puede ejercer enviando correo electr\u00f3nico a <a href=\"mailto:aytoaribe@gmail.com\">aytoaribe@gmail.com<\/a><\/td>\n<\/tr>\n<tr>\n<td><strong>Procedencia:<\/strong><\/td>\n<td style=\"text-align: justify\">El propio interesado, de registros p\u00fablicos de otras entidades de la administraci\u00f3n<\/td>\n<\/tr>\n<tr>\n<td><strong>Informaci\u00f3n adicional:<\/strong><\/td>\n<td style=\"text-align: justify\">Puede consultar informaci\u00f3n adicional y detallada sobre Protecci\u00f3n de Datos en nuestra p\u00e1gina web: <a href=\"http:\/\/www.aribe.es\">www.aribe.es<\/a><\/td>\n<\/tr>\n<\/tbody>\n<\/table>\n<p style=\"text-align: justify\">En caso de que nuestra pol\u00edtica de protecci\u00f3n de datos tuviera que variar a consecuencia de cambios legislativos o de criterios emanados de la Agencia de Protecci\u00f3n de Datos ser\u00eda convenientemente informado de cualquier variaci\u00f3n que fuere necesaria introducir para cumplir con la ley<\/p>\n<p style=\"text-align: justify\">El tratamiento de los datos de car\u00e1cter personal, recabados a trav\u00e9s de los formularios del sitio web, tienen como finalidad el mantenimiento de la relaci\u00f3n que en su caso se establezca con el ayuntamiento de Aribe, as\u00ed como el desempe\u00f1o de las tareas de informaci\u00f3n y otras actividades propias de la corporaci\u00f3n local.<\/p>\n<p><strong>\u00bfQui\u00e9n es el responsable del tratamiento de sus datos?<\/strong><\/p>\n<p><strong>Identidad<\/strong>: Ayuntamiento de Aribe.<br \/>\n<strong>CIF<\/strong>: P3103400B<br \/>\n<strong>Direcci\u00f3n postal<\/strong>: Calle Santa Mar\u00eda, 18. 31671 &#8211; ARIBE<br \/>\n<strong>Tel\u00e9fono<\/strong>: 948764187<br \/>\n<strong>Correo electr\u00f3nico<\/strong>: <a href=\"mailto:aytoaribe@gmail.com\">aytoaribe@gmail.com<\/a><br \/>\n<strong>Contacto<\/strong> <strong>DPD<\/strong>: <a href=\"mailto:aytoaribe@gmail.com\">aytoaribe@gmail.com<\/a><\/p>\n<p><strong>MENORES DE EDAD<\/strong><\/p>\n<p style=\"text-align: justify\">\u00a0El Ayuntamiento de Aribe no autoriza a menores de 14 a\u00f1os a facilitar sus datos personales, ya sea mediante la cumplimentaci\u00f3n de los formularios web habilitados para la solicitud de servicios, los formularios de contacto, o mediante el env\u00edo de correos electr\u00f3nicos.<\/p>\n<p style=\"text-align: justify\">Por tanto, quienes faciliten datos personales utilizando dichos medios manifiestan formalmente ser mayores de 14 a\u00f1os o en su defecto que cuentes con la pertinente autorizaci\u00f3n de tus padre\/madre y\/o tutores legales<\/p>\n<p style=\"text-align: justify\"><strong>IM\u00c1GENES PRESENTES EN EL SITIO WEB<\/strong><\/p>\n<p style=\"text-align: justify\">El Ayuntamiento de Aribe a trav\u00e9s del sitio web, ofrece informaci\u00f3n sobre numerosos eventos, actividades, etc. que suponen la participaci\u00f3n de la ciudadan\u00eda. En algunas ocasiones, la informaci\u00f3n facilitada se acompa\u00f1a de fotograf\u00edas o videos en los que aparecen personas identificadas o identificables.<\/p>\n<p style=\"text-align: justify\">En caso de que el usuario\/a se reconozca en alguna de estas fotograf\u00edas y no desee aparecer en las mismas, rogamos nos lo comunique a trav\u00e9s de la direcci\u00f3n de correo <a href=\"mailto:valledeaezkoa@gmail.com\">aytoaribe@gmail.com<\/a>, adjuntando copia de documento acreditativo de su identidad, y referenciando el apartado del sitio web en el que se encuentra la imagen o video en el que aparece. En el caso de menores de 14 a\u00f1os, la solicitud debe realizarla padre, madre o tutor legal.<\/p>\n<p><strong>CONSERVACION DE LOS DATOS PERSONALES<\/strong><\/p>\n<p style=\"text-align: justify\">Los datos personales proporcionados se conservar\u00e1n el tiempo necesario para cumplir con la finalidad para la que se recaban, as\u00ed como para determinar las posibles responsabilidades que se pudieran derivar de la misma. En todo caso, se tendr\u00e1n en cuenta los per\u00edodos y plazos establecidos en la normativa de archivos y documentaci\u00f3n. La ciudadan\u00eda podr\u00e1 consultar esta informaci\u00f3n en el Registro de Actividades de Tratamiento de este Ayuntamiento<\/p>\n<p><strong>DERECHOS<\/strong><\/p>\n<p style=\"text-align: justify\">Cualquier persona tiene derecho a obtener confirmaci\u00f3n sobre si el Ayuntamiento de Aribe est\u00e1 tratando datos personales que les conciernan, o no.<\/p>\n<p style=\"text-align: justify\">La normativa en materia de protecci\u00f3n de datos otorga una serie de derechos a las personas titulares de los datos, usuarios del sitio web o usuarios de los perfiles de las redes sociales del AYUNTAMIENTO DE ARIBE.<\/p>\n<p style=\"text-align: justify\">Estos derechos que asisten a las personas interesadas son los siguientes:<\/p>\n<ul style=\"text-align: justify\">\n<li>Derecho de acceso: derecho a obtener informaci\u00f3n sobre si sus propios datos est\u00e1n siendo objeto de tratamiento, la finalidad del tratamiento que se est\u00e9 realizando, las categor\u00edas de datos que se trate, los destinatarios o categor\u00edas de destinatarios, el plazo de conservaci\u00f3n y el origen de dichos datos.<\/li>\n<li>Derecho de rectificaci\u00f3n: derecho a obtener la rectificaci\u00f3n de los datos personales inexactos o incompletos.<\/li>\n<li>Derecho de supresi\u00f3n: derecho a obtener la supresi\u00f3n de los datos en los siguientes supuestos:<\/li>\n<li>Cuando los datos ya no sean necesarios para la finalidad para la cual fueron recabados.<\/li>\n<li>Cuando la persona titular de los mismos retire el consentimiento.<\/li>\n<li>Cuando la persona interesada se oponga al tratamiento.<\/li>\n<li>Cuando deban suprimirse en cumplimiento de una obligaci\u00f3n legal<\/li>\n<li>Cuando los datos se hayan obtenido en virtud de un servicio de sociedad de la informaci\u00f3n en base a lo dispuesto en el art. 8 apdo. 1 del Reglamento Europeo sobre Protecci\u00f3n de datos.<\/li>\n<li>Derecho de oposici\u00f3n: derecho a oponerse a un determinado tratamiento basado en el consentimiento del interesado.<\/li>\n<li>Derecho de limitaci\u00f3n: derecho a obtener la limitaci\u00f3n del tratamiento de los datos cuando se de alguno de los siguientes supuestos:<\/li>\n<li>Cuando la persona interesada impugne la exactitud de los datos personales, durante un plazo que permita a la empresa verificar la exactitud de los mismos.<\/li>\n<li>Cuando el tratamiento sea il\u00edcito y la persona interesada se oponga a la supresi\u00f3n de los datos.<\/li>\n<li>Cuando la empresa ya no necesite los datos para los fines para los que fueron recabados, pero la persona interesada los necesite para la formulaci\u00f3n, el ejercicio o la defensa de reclamaciones.<\/li>\n<li>Cuando la persona interesada se haya opuesto al tratamiento mientras se verifica si los motivos leg\u00edtimos de la empresa prevalecen sobre los del interesado.<\/li>\n<li>Derecho a presentar una reclamaci\u00f3n ante la autoridad de control competente.<\/li>\n<li style=\"text-align: justify\">Derecho de Portabilidad de los datos: Puedes solicitarnos que te devolvamos (a ti o a un tercero que nos indiques) tus datos personales en un formato estructurado, de uso com\u00fan y lectura mec\u00e1nica.<\/li>\n<\/ul>\n<p style=\"text-align: justify\">Las personas interesadas podr\u00e1n ejercitar los derechos indicados, dirigi\u00e9ndose al correo electr\u00f3nico del AYUNTAMIENTO DE ARIBE o a la sede electr\u00f3nica, mediante escrito aportando documento que acredite su identidad.<\/p>\n<p style=\"text-align: justify\">De las misma forma, las personas interesadas pueden presentar una reclamaci\u00f3n ante la Agencia Espa\u00f1ola de Protecci\u00f3n de Datos mediante escrito dirigi\u00e9ndose a C\/ Jorge Juan, 6, 28001 (Madrid) o a trav\u00e9s de su sede electr\u00f3nica en www.agpd.es<\/p>\n<ol style=\"text-align: justify\">\n<li>\u00bf<strong>Quiere un formulario para el ejercicio de Derechos?<\/strong><\/li>\n<\/ol>\n<p style=\"text-align: justify\">Tenemos formularios para el ejercicio de sus derechos, p\u00eddenoslos por\u00a0 email o si lo prefiere, puedes usar los elaborados por la Agencia Espa\u00f1ola de Protecci\u00f3n de Datos o terceros.<\/p>\n<p style=\"text-align: justify\">Estos formularios deben ir firmados electr\u00f3nicamente o ser acompa\u00f1ados de fotocopia del DNI.<\/p>\n<p style=\"text-align: justify\">Si le representa alguien, debes adjuntarnos copia de su DNI, o que lo firme con su firma electr\u00f3nica.<\/p>\n<p style=\"text-align: justify\">Los formularios pueden ser presentados presencialmente, enviados por carta o por mail en la direcci\u00f3n del Responsable al inicio de este texto.<\/p>\n<ul>\n<li><strong>\u00a0<\/strong><strong style=\"font-size: 14px\">\u00bfCu\u00e1nto tardaremos en contestarle al Ejercicio de Derechos?<\/strong><\/li>\n<\/ul>\n<p>Depende del derecho, pero como m\u00e1ximo en un mes desde su solicitud, y dos meses si el tema es muy complejo y le notificamos que necesitamos m\u00e1s tiempo<\/p>\n<p><strong>Seguridad de los datos personales<\/strong><\/p>\n<p style=\"text-align: justify\">Las actividades de tratamientos de datos personales efectuadas por el AYUNTAMIENTO DE ARIBE se llevan a cabo adoptando las medidas de seguridad legalmente exigidas, tanto en sus instalaciones como en sus sistemas de informaci\u00f3n, atendiendo al riesgo que los diferentes tratamientos puedan suponer para los datos personales recabados. En cumplimiento con lo dispuesto en el art\u00edculo 32 del RGPD, se garantizar\u00e1 la confidencialidad, integridad, disponibilidad y resiliencia permanentes de los sistemas y servicios de tratamiento que resulten apropiadas para garantizar un nivel de seguridad adecuado al riesgo del tratamiento. Para ello se utilizar\u00e1n mecanismos que posibiliten:<\/p>\n<ul>\n<li style=\"text-align: justify\">Garantizar la confidencialidad, integridad, disponibilidad y resiliencia permanentes de los sistemas y servicios de tratamiento.<\/li>\n<li style=\"text-align: justify\">Restaurar la disponibilidad y el acceso a los datos personales de forma r\u00e1pida, en caso de incidente f\u00edsico o t\u00e9cnico.<\/li>\n<li style=\"text-align: justify\">Verificar, evaluar y valorar, de forma regular, la eficacia de las medidas t\u00e9cnicas y organizativas implantadas para garantizar la seguridad del tratamiento.<\/li>\n<li style=\"text-align: justify\">Seudonimizar y cifrar los datos personales, en su caso.<\/li>\n<li style=\"text-align: justify\">La publicaci\u00f3n de listas conteniendo datos de car\u00e1cter personal que pudiera llevarse a cabo en esta sede electr\u00f3nica se ajusta a la legislaci\u00f3n actual de protecci\u00f3n de datos. Estas listas no constituyen una fuente de acceso p\u00fablico y no podr\u00e1n ser reproducidas, transmitidas y registradas por ning\u00fan sistema de recuperaci\u00f3n de informaci\u00f3n sin el consentimiento de los propios afectados y la autorizaci\u00f3n del AYUNTAMIENTO DE ARIBE<\/li>\n<\/ul>\n<p>Acceso al registro de actividades de tratamiento:<\/p>\n<p>&nbsp;<\/p>\n<table style=\"border-collapse: collapse;width: 100%\" border=\"1\">\n<tbody>\n<tr>\n<td style=\"width: 50%\"><a href=\"\/wp-content\/uploads\/sites\/80\/2025\/11\/Registro-de-tratamiento-ACTIVIDAD-ECONOMICA.doc\" target=\"_blank\" rel=\"noopener\">Registro de tratamiento ACTIVIDAD ECONOMICA<\/a><\/td>\n<td style=\"width: 50%\"><a href=\"\/wp-content\/uploads\/sites\/80\/2025\/11\/Registro-de-tratamiento-GESTION-LABORAL.doc\" target=\"_blank\" rel=\"noopener\">Registro de tratamiento GESTION LABORAL<\/a><\/td>\n<\/tr>\n<tr>\n<td style=\"width: 50%\"><a href=\"\/wp-content\/uploads\/sites\/80\/2025\/11\/Registro-de-tratamiento-ADMINISTRACION-ELECTRONICA.doc\" target=\"_blank\" rel=\"noopener\">Registro de tratamiento ADMINISTRACI\u00d3N ELECTR\u00d3NICA<\/a><\/td>\n<td style=\"width: 50%\"><a href=\"\/wp-content\/uploads\/sites\/80\/2025\/11\/Registro-de-tratamiento-LICENCIAS.doc\" target=\"_blank\" rel=\"noopener\">Registro de tratamiento LICENCIAS<\/a><\/td>\n<\/tr>\n<tr>\n<td style=\"width: 50%\"><a href=\"\/wp-content\/uploads\/sites\/80\/2025\/11\/Registro-de-tratamiento-AGENDA-DE-CONTACTOS.doc\" target=\"_blank\" rel=\"noopener\">Registro de tratamiento AGENDA DE CONTACTOS<\/a><\/td>\n<td style=\"width: 50%\"><a href=\"\/wp-content\/uploads\/sites\/80\/2025\/11\/Registro-de-tratamiento-NOTIFICACION-BRECHAS-DE-SEGURIDAD.doc\" target=\"_blank\" rel=\"noopener\">Registro de tratamiento NOTIFICACI\u00d3N BRECHAS DE SEGURIDAD<\/a><\/td>\n<\/tr>\n<tr>\n<td style=\"width: 50%\"><a href=\"\/wp-content\/uploads\/sites\/80\/2025\/11\/Registro-de-tratamiento-ATENCION-DERECHOS-.doc\" target=\"_blank\" rel=\"noopener\">Registro de tratamiento ATENCI\u00d3N DERECHOS<\/a><\/td>\n<td style=\"width: 50%\"><a href=\"\/wp-content\/uploads\/sites\/80\/2025\/11\/Registro-de-tratamiento-PADRON.doc\">Registro de tratamiento PADRON<\/a><\/td>\n<\/tr>\n<tr>\n<td style=\"width: 50%\"><a href=\"\/wp-content\/uploads\/sites\/80\/2025\/11\/Registro-de-tratamiento-ATRIBUTOS.doc\" target=\"_blank\" rel=\"noopener\">Registro de tratamiento ATRIBUTOS<\/a><\/td>\n<td style=\"width: 50%\"><a href=\"\/wp-content\/uploads\/sites\/80\/2025\/11\/Registro-de-tratamiento-REGISTRO-DE-ENTRADA-Y-SALIDA.doc\" target=\"_blank\" rel=\"noopener\">Registro de tratamiento REGISTRO DE ENTRADA Y SALIDA<\/a><\/td>\n<\/tr>\n<tr>\n<td style=\"width: 50%\"><a href=\"\/wp-content\/uploads\/sites\/80\/2025\/11\/Registro-de-tratamiento-AYUDAS-Y-SUBVENCIONES.doc\" target=\"_blank\" rel=\"noopener\">Registro de tratamiento AYUDAS Y SUBVENCIONES<\/a><\/td>\n<td style=\"width: 50%\"><a href=\"\/wp-content\/uploads\/sites\/80\/2025\/11\/Registro-de-tratamiento-REGISTRO-DE-INTERESES.doc\" target=\"_blank\" rel=\"noopener\">Registro de tratamiento REGISTRO DE INTERESES<\/a><\/td>\n<\/tr>\n<tr>\n<td style=\"width: 50%\"><a href=\"\/wp-content\/uploads\/sites\/80\/2025\/11\/Registro-de-tratamiento-CATASTRO.doc\" target=\"_blank\" rel=\"noopener\">Registro de tratamiento CATASTRO<\/a><\/td>\n<td style=\"width: 50%\"><a href=\"\/wp-content\/uploads\/sites\/80\/2025\/11\/Registro-de-tratamiento-REGISTRO-PAREJAS-DE-HECHO.doc\" target=\"_blank\" rel=\"noopener\">Registro de tratamiento REGISTRO PAREJAS DE HECHO<\/a><\/td>\n<\/tr>\n<tr>\n<td style=\"width: 50%\"><a href=\"\/wp-content\/uploads\/sites\/80\/2025\/11\/Registro-de-tratamiento-EXPEDIENTES-AUTORIZACIONES-Y-CONCESIONES.doc\" target=\"_blank\" rel=\"noopener\">Registro de tratamiento EXPEDIENTES, AUTORIZACIONES Y CONCESIONES<\/a><\/td>\n<td style=\"width: 50%\"><a href=\"\/wp-content\/uploads\/sites\/80\/2025\/11\/Registro-de-tratamiento-TARJETAS-DE-ESTACIONAMIENTO.doc\" target=\"_blank\" rel=\"noopener\">Registro de tratamiento TARJETAS DE ESTACIONAMIENTO<\/a><\/td>\n<\/tr>\n<\/tbody>\n<\/table>\n<\/div>\n<\/div>\n<\/div>\n","protected":false},"excerpt":{"rendered":"<p>Pol\u00edtica de Privacidad (Informaci\u00f3n y Consentimiento) En el Ayuntamiento de Aribe nos preocupamos por la privacidad y la transparencia. A continuaci\u00f3n, le indicamos en detalle los tratamientos de datos personales que realizamos, as\u00ed como toda la informaci\u00f3n relativa a los&hellip; <\/p>\n","protected":false},"author":115,"featured_media":0,"parent":0,"menu_order":0,"comment_status":"closed","ping_status":"closed","template":"","meta":{"_monsterinsights_skip_tracking":false,"_monsterinsights_sitenote_active":false,"_monsterinsights_sitenote_note":"","_monsterinsights_sitenote_category":0,"footnotes":""},"class_list":["post-7899","page","type-page","status-publish","hentry"],"yoast_head":"<!-- This site is optimized with the Yoast SEO plugin v26.8 - https:\/\/yoast.com\/product\/yoast-seo-wordpress\/ -->\r\n<title>Pribatutasun-abisua - Aribeko Udala<\/title>\r\n<meta name=\"robots\" content=\"index, follow, max-snippet:-1, max-image-preview:large, max-video-preview:-1\" \/>\r\n<link rel=\"canonical\" href=\"http:\/\/www.aribe.es\/aviso-de-privacidad\/\" \/>\r\n<meta property=\"og:locale\" content=\"eu_ES\" \/>\r\n<meta property=\"og:type\" content=\"article\" \/>\r\n<meta property=\"og:title\" content=\"[:es]Aviso de Privacidad[:eu]Pribatutasun-abisua[:] - Aribeko Udala\" \/>\r\n<meta property=\"og:description\" content=\"Pol\u00edtica de Privacidad (Informaci\u00f3n y Consentimiento) En el Ayuntamiento de Aribe nos preocupamos por la privacidad y la transparencia. A continuaci\u00f3n, le indicamos en detalle los tratamientos de datos personales que realizamos, as\u00ed como toda la informaci\u00f3n relativa a los&hellip;\" \/>\r\n<meta property=\"og:url\" content=\"http:\/\/www.aribe.es\/aviso-de-privacidad\/\" \/>\r\n<meta property=\"og:site_name\" content=\"Aribeko Udala\" \/>\r\n<meta property=\"article:modified_time\" content=\"2025-11-12T13:15:17+00:00\" \/>\r\n<meta name=\"twitter:card\" content=\"summary_large_image\" \/>\r\n<meta name=\"twitter:label1\" content=\"Est. reading time\" \/>\n\t<meta name=\"twitter:data1\" content=\"8 minutes\" \/>\r\n<script type=\"application\/ld+json\" class=\"yoast-schema-graph\">{\"@context\":\"https:\/\/schema.org\",\"@graph\":[{\"@type\":\"WebPage\",\"@id\":\"http:\/\/www.aribe.es\/aviso-de-privacidad\/\",\"url\":\"http:\/\/www.aribe.es\/aviso-de-privacidad\/\",\"name\":\"[:es]Aviso de Privacidad[:eu]Pribatutasun-abisua[:] - Aribeko Udala\",\"isPartOf\":{\"@id\":\"http:\/\/www.aribe.es\/#website\"},\"datePublished\":\"2025-11-12T13:02:28+00:00\",\"dateModified\":\"2025-11-12T13:15:17+00:00\",\"breadcrumb\":{\"@id\":\"http:\/\/www.aribe.es\/aviso-de-privacidad\/#breadcrumb\"},\"inLanguage\":\"eu-ES\",\"potentialAction\":[{\"@type\":\"ReadAction\",\"target\":[\"http:\/\/www.aribe.es\/aviso-de-privacidad\/\"]}]},{\"@type\":\"BreadcrumbList\",\"@id\":\"http:\/\/www.aribe.es\/aviso-de-privacidad\/#breadcrumb\",\"itemListElement\":[{\"@type\":\"ListItem\",\"position\":1,\"name\":\"Portada\",\"item\":\"http:\/\/www.aribe.es\/\"},{\"@type\":\"ListItem\",\"position\":2,\"name\":\"Aviso de Privacidad\"}]},{\"@type\":\"WebSite\",\"@id\":\"http:\/\/www.aribe.es\/#website\",\"url\":\"http:\/\/www.aribe.es\/\",\"name\":\"Aribeko Udala\",\"description\":\"Aribeko Udala\",\"potentialAction\":[{\"@type\":\"SearchAction\",\"target\":{\"@type\":\"EntryPoint\",\"urlTemplate\":\"http:\/\/www.aribe.es\/?s={search_term_string}\"},\"query-input\":{\"@type\":\"PropertyValueSpecification\",\"valueRequired\":true,\"valueName\":\"search_term_string\"}}],\"inLanguage\":\"eu-ES\"}]}<\/script>\r\n<!-- \/ Yoast SEO plugin. -->","yoast_head_json":{"title":"[:es]Aviso de Privacidad[:eu]Pribatutasun-abisua[:] - Aribeko Udala","robots":{"index":"index","follow":"follow","max-snippet":"max-snippet:-1","max-image-preview":"max-image-preview:large","max-video-preview":"max-video-preview:-1"},"canonical":"http:\/\/www.aribe.es\/aviso-de-privacidad\/","og_locale":"eu_ES","og_type":"article","og_title":"[:es]Aviso de Privacidad[:eu]Pribatutasun-abisua[:] - Aribeko Udala","og_description":"Pol\u00edtica de Privacidad (Informaci\u00f3n y Consentimiento) En el Ayuntamiento de Aribe nos preocupamos por la privacidad y la transparencia. A continuaci\u00f3n, le indicamos en detalle los tratamientos de datos personales que realizamos, as\u00ed como toda la informaci\u00f3n relativa a los&hellip;","og_url":"http:\/\/www.aribe.es\/aviso-de-privacidad\/","og_site_name":"Aribeko Udala","article_modified_time":"2025-11-12T13:15:17+00:00","twitter_card":"summary_large_image","twitter_misc":{"Est. reading time":"8 minutes"},"schema":{"@context":"https:\/\/schema.org","@graph":[{"@type":"WebPage","@id":"http:\/\/www.aribe.es\/aviso-de-privacidad\/","url":"http:\/\/www.aribe.es\/aviso-de-privacidad\/","name":"[:es]Aviso de Privacidad[:eu]Pribatutasun-abisua[:] - Aribeko Udala","isPartOf":{"@id":"http:\/\/www.aribe.es\/#website"},"datePublished":"2025-11-12T13:02:28+00:00","dateModified":"2025-11-12T13:15:17+00:00","breadcrumb":{"@id":"http:\/\/www.aribe.es\/aviso-de-privacidad\/#breadcrumb"},"inLanguage":"eu-ES","potentialAction":[{"@type":"ReadAction","target":["http:\/\/www.aribe.es\/aviso-de-privacidad\/"]}]},{"@type":"BreadcrumbList","@id":"http:\/\/www.aribe.es\/aviso-de-privacidad\/#breadcrumb","itemListElement":[{"@type":"ListItem","position":1,"name":"Portada","item":"http:\/\/www.aribe.es\/"},{"@type":"ListItem","position":2,"name":"Aviso de Privacidad"}]},{"@type":"WebSite","@id":"http:\/\/www.aribe.es\/#website","url":"http:\/\/www.aribe.es\/","name":"Aribeko Udala","description":"Aribeko Udala","potentialAction":[{"@type":"SearchAction","target":{"@type":"EntryPoint","urlTemplate":"http:\/\/www.aribe.es\/?s={search_term_string}"},"query-input":{"@type":"PropertyValueSpecification","valueRequired":true,"valueName":"search_term_string"}}],"inLanguage":"eu-ES"}]}},"_links":{"self":[{"href":"http:\/\/www.aribe.es\/eu\/wp-json\/wp\/v2\/pages\/7899","targetHints":{"allow":["GET"]}}],"collection":[{"href":"http:\/\/www.aribe.es\/eu\/wp-json\/wp\/v2\/pages"}],"about":[{"href":"http:\/\/www.aribe.es\/eu\/wp-json\/wp\/v2\/types\/page"}],"author":[{"embeddable":true,"href":"http:\/\/www.aribe.es\/eu\/wp-json\/wp\/v2\/users\/115"}],"replies":[{"embeddable":true,"href":"http:\/\/www.aribe.es\/eu\/wp-json\/wp\/v2\/comments?post=7899"}],"version-history":[{"count":5,"href":"http:\/\/www.aribe.es\/eu\/wp-json\/wp\/v2\/pages\/7899\/revisions"}],"predecessor-version":[{"id":7923,"href":"http:\/\/www.aribe.es\/eu\/wp-json\/wp\/v2\/pages\/7899\/revisions\/7923"}],"wp:attachment":[{"href":"http:\/\/www.aribe.es\/eu\/wp-json\/wp\/v2\/media?parent=7899"}],"curies":[{"name":"wp","href":"https:\/\/api.w.org\/{rel}","templated":true}]}}